{"id":239,"date":"2023-05-23T10:14:31","date_gmt":"2023-05-23T13:14:31","guid":{"rendered":"https:\/\/mestredasobras-me.com.br\/?post_type=product&#038;p=239"},"modified":"2023-05-23T10:14:31","modified_gmt":"2023-05-23T13:14:31","slug":"fita-isolante-5mt-imperial","status":"publish","type":"product","link":"https:\/\/mestredasobras-me.com.br\/index.php\/produto\/fita-isolante-5mt-imperial\/","title":{"rendered":"FITA ISOLANTE &#8211; 5mt &#8211; IMPERIAL"},"content":{"rendered":"<p>Fita Isolante &#8211; 5m &#8211; Marca: Imperial &#8211; Indicada para fornecer prote\u00e7\u00e3o isolante \u00e0s emendas el\u00e9tricas.<\/p>\n","protected":false},"excerpt":{"rendered":"<p>Fita Isolante &#8211; 5m &#8211; Marca: Imperial &#8211; Indicada para fornecer prote\u00e7\u00e3o isolante \u00e0s emendas el\u00e9tricas.<\/p>\n","protected":false},"featured_media":240,"comment_status":"open","ping_status":"closed","template":"","meta":[],"product_cat":[27],"product_tag":[],"class_list":{"0":"post-239","1":"product","2":"type-product","3":"status-publish","4":"has-post-thumbnail","5":"hentry","6":"product_cat-materiais-para-construcao","8":"entry","9":"has-media","10":"owp-thumbs-layout-horizontal","11":"owp-btn-normal","12":"owp-tabs-layout-horizontal","13":"has-no-thumbnails","14":"has-product-nav"},"_links":{"self":[{"href":"https:\/\/mestredasobras-me.com.br\/index.php\/wp-json\/wp\/v2\/product\/239","targetHints":{"allow":["GET"]}}],"collection":[{"href":"https:\/\/mestredasobras-me.com.br\/index.php\/wp-json\/wp\/v2\/product"}],"about":[{"href":"https:\/\/mestredasobras-me.com.br\/index.php\/wp-json\/wp\/v2\/types\/product"}],"replies":[{"embeddable":true,"href":"https:\/\/mestredasobras-me.com.br\/index.php\/wp-json\/wp\/v2\/comments?post=239"}],"wp:featuredmedia":[{"embeddable":true,"href":"https:\/\/mestredasobras-me.com.br\/index.php\/wp-json\/wp\/v2\/media\/240"}],"wp:attachment":[{"href":"https:\/\/mestredasobras-me.com.br\/index.php\/wp-json\/wp\/v2\/media?parent=239"}],"wp:term":[{"taxonomy":"product_cat","embeddable":true,"href":"https:\/\/mestredasobras-me.com.br\/index.php\/wp-json\/wp\/v2\/product_cat?post=239"},{"taxonomy":"product_tag","embeddable":true,"href":"https:\/\/mestredasobras-me.com.br\/index.php\/wp-json\/wp\/v2\/product_tag?post=239"}],"curies":[{"name":"wp","href":"https:\/\/api.w.org\/{rel}","templated":true}]}}